{"id":24,"date":"2025-12-17T09:18:59","date_gmt":"2025-12-17T09:18:59","guid":{"rendered":"https:\/\/stcgayrimenkul.com.tr\/?page_id=24"},"modified":"2025-12-17T09:31:40","modified_gmt":"2025-12-17T09:31:40","slug":"iletisim","status":"publish","type":"page","link":"https:\/\/stcgayrimenkul.com.tr\/index.php\/iletisim\/","title":{"rendered":"\u0130leti\u015fim"},"content":{"rendered":"\n<h2 class=\"wp-block-heading\">\u0130leti\u015fim<\/h2>\n\n\n\n<p>STC Gayrimenkul Dan\u0131\u015fman olarak; gayrimenkul al\u0131m, sat\u0131m, kiralama ve yat\u0131r\u0131m dan\u0131\u015fmanl\u0131\u011f\u0131 ihtiya\u00e7lar\u0131n\u0131z i\u00e7in <strong>profesyonel ve g\u00fcvenilir hizmet<\/strong> sunuyoruz.<br>\u0130stanbul\u2019un <strong>Beylikd\u00fcz\u00fc, Esenyurt, B\u00fcy\u00fck\u00e7ekmece ve Bah\u00e7e\u015fehir<\/strong> b\u00f6lgelerinde aktif olarak hizmet vermekteyiz.<\/p>\n\n\n\n<p>Gayrimenkul dan\u0131\u015fmanl\u0131\u011f\u0131, portf\u00f6y talepleri ve yat\u0131r\u0131m f\u0131rsatlar\u0131 hakk\u0131nda detayl\u0131 bilgi almak i\u00e7in bizimle diledi\u011finiz zaman ileti\u015fime ge\u00e7ebilirsiniz.<\/p>\n\n\n\n<h3 class=\"wp-block-heading\">\u0130leti\u015fim Bilgileri<\/h3>\n\n\n\n<p>\ud83d\udcde <strong>Telefon \/ WhatsApp:<\/strong> <strong>0535 668 74 22<\/strong><br>\ud83d\udccd <strong>Hizmet B\u00f6lgeleri:<\/strong> \u0130stanbul \u2013 Beylikd\u00fcz\u00fc, Esenyurt, B\u00fcy\u00fck\u00e7ekmece, Bah\u00e7e\u015fehir<br>\ud83c\udfe2 <strong>Hizmet Alan\u0131:<\/strong> Sat\u0131l\u0131k &amp; Kiral\u0131k Gayrimenkul, Yat\u0131r\u0131m Dan\u0131\u015fmanl\u0131\u011f\u0131<\/p>\n\n\n\n<p>Alan\u0131nda uzman ekibimizle sizlere <strong>h\u0131zl\u0131 d\u00f6n\u00fc\u015f, do\u011fru y\u00f6nlendirme ve g\u00fcvenli i\u015flem<\/strong> garantisi sunuyoruz.<br><strong>Do\u011fru gayrimenkul, do\u011fru yat\u0131r\u0131m ve profesyonel dan\u0131\u015fmanl\u0131k<\/strong> i\u00e7in STC Gayrimenkul Dan\u0131\u015fman yan\u0131n\u0131zda.<\/p>\n","protected":false},"excerpt":{"rendered":"<p>\u0130leti\u015fim STC Gayrimenkul Dan\u0131\u015fman olarak; gayrimenkul al\u0131m, sat\u0131m, kiralama ve yat\u0131r\u0131m dan\u0131\u015fmanl\u0131\u011f\u0131 ihtiya\u00e7lar\u0131n\u0131z i\u00e7in profesyonel ve g\u00fcvenilir hizmet sunuyoruz.\u0130stanbul\u2019un Beylikd\u00fcz\u00fc, Esenyurt, B\u00fcy\u00fck\u00e7ekmece ve Bah\u00e7e\u015fehir b\u00f6lgelerinde aktif olarak hizmet vermekteyiz. Gayrimenkul dan\u0131\u015fmanl\u0131\u011f\u0131, portf\u00f6y talepleri ve yat\u0131r\u0131m f\u0131rsatlar\u0131 hakk\u0131nda detayl\u0131 bilgi almak i\u00e7in bizimle diledi\u011finiz zaman ileti\u015fime ge\u00e7ebilirsiniz. \u0130leti\u015fim Bilgileri \ud83d\udcde Telefon \/ WhatsApp: 0535 668 74 [&hellip;]<\/p>\n","protected":false},"author":1,"featured_media":0,"parent":0,"menu_order":0,"comment_status":"closed","ping_status":"closed","template":"","meta":{"footnotes":""},"class_list":["post-24","page","type-page","status-publish","hentry"],"_links":{"self":[{"href":"https:\/\/stcgayrimenkul.com.tr\/index.php\/wp-json\/wp\/v2\/pages\/24","targetHints":{"allow":["GET"]}}],"collection":[{"href":"https:\/\/stcgayrimenkul.com.tr\/index.php\/wp-json\/wp\/v2\/pages"}],"about":[{"href":"https:\/\/stcgayrimenkul.com.tr\/index.php\/wp-json\/wp\/v2\/types\/page"}],"author":[{"embeddable":true,"href":"https:\/\/stcgayrimenkul.com.tr\/index.php\/wp-json\/wp\/v2\/users\/1"}],"replies":[{"embeddable":true,"href":"https:\/\/stcgayrimenkul.com.tr\/index.php\/wp-json\/wp\/v2\/comments?post=24"}],"version-history":[{"count":2,"href":"https:\/\/stcgayrimenkul.com.tr\/index.php\/wp-json\/wp\/v2\/pages\/24\/revisions"}],"predecessor-version":[{"id":63,"href":"https:\/\/stcgayrimenkul.com.tr\/index.php\/wp-json\/wp\/v2\/pages\/24\/revisions\/63"}],"wp:attachment":[{"href":"https:\/\/stcgayrimenkul.com.tr\/index.php\/wp-json\/wp\/v2\/media?parent=24"}],"curies":[{"name":"wp","href":"https:\/\/api.w.org\/{rel}","templated":true}]}}