{"id":45,"date":"2025-12-17T09:27:15","date_gmt":"2025-12-17T09:27:15","guid":{"rendered":"https:\/\/stcgayrimenkul.com.tr\/?page_id=45"},"modified":"2025-12-17T09:27:15","modified_gmt":"2025-12-17T09:27:15","slug":"ticari-gayrimenkul-danismanligi","status":"publish","type":"page","link":"https:\/\/stcgayrimenkul.com.tr\/index.php\/ticari-gayrimenkul-danismanligi\/","title":{"rendered":"Ticari Gayrimenkul Dan\u0131\u015fmanl\u0131\u011f\u0131"},"content":{"rendered":"","protected":false},"excerpt":{"rendered":"","protected":false},"author":1,"featured_media":0,"parent":0,"menu_order":0,"comment_status":"closed","ping_status":"closed","template":"","meta":{"footnotes":""},"class_list":["post-45","page","type-page","status-publish","hentry"],"_links":{"self":[{"href":"https:\/\/stcgayrimenkul.com.tr\/index.php\/wp-json\/wp\/v2\/pages\/45","targetHints":{"allow":["GET"]}}],"collection":[{"href":"https:\/\/stcgayrimenkul.com.tr\/index.php\/wp-json\/wp\/v2\/pages"}],"about":[{"href":"https:\/\/stcgayrimenkul.com.tr\/index.php\/wp-json\/wp\/v2\/types\/page"}],"author":[{"embeddable":true,"href":"https:\/\/stcgayrimenkul.com.tr\/index.php\/wp-json\/wp\/v2\/users\/1"}],"replies":[{"embeddable":true,"href":"https:\/\/stcgayrimenkul.com.tr\/index.php\/wp-json\/wp\/v2\/comments?post=45"}],"version-history":[{"count":1,"href":"https:\/\/stcgayrimenkul.com.tr\/index.php\/wp-json\/wp\/v2\/pages\/45\/revisions"}],"predecessor-version":[{"id":51,"href":"https:\/\/stcgayrimenkul.com.tr\/index.php\/wp-json\/wp\/v2\/pages\/45\/revisions\/51"}],"wp:attachment":[{"href":"https:\/\/stcgayrimenkul.com.tr\/index.php\/wp-json\/wp\/v2\/media?parent=45"}],"curies":[{"name":"wp","href":"https:\/\/api.w.org\/{rel}","templated":true}]}}